{"id":434,"date":"2020-10-16T19:05:07","date_gmt":"2020-10-16T19:05:07","guid":{"rendered":"https:\/\/growingtogetheragain.com\/?page_id=434"},"modified":"2025-09-24T15:04:48","modified_gmt":"2025-09-24T15:04:48","slug":"contact-impressum","status":"publish","type":"page","link":"https:\/\/growingtogetheragain.com\/?page_id=434","title":{"rendered":"Contact\/Impressum"},"content":{"rendered":"\n<p><img loading=\"lazy\" decoding=\"async\" class=\"alignleft size-full wp-image-309\" src=\"https:\/\/growingtogetheragain.com\/wp-content\/uploads\/2020\/09\/GTA2020-p5-Border.jpg\" alt=\"\" width=\"827\" height=\"213\" srcset=\"https:\/\/growingtogetheragain.com\/wp-content\/uploads\/2020\/09\/GTA2020-p5-Border.jpg 827w, https:\/\/growingtogetheragain.com\/wp-content\/uploads\/2020\/09\/GTA2020-p5-Border-300x77.jpg 300w, https:\/\/growingtogetheragain.com\/wp-content\/uploads\/2020\/09\/GTA2020-p5-Border-768x198.jpg 768w\" sizes=\"(max-width: 827px) 100vw, 827px\" \/><\/p>\n\n\n\n<p><\/p>\n\n\n\n<p><\/p>\n\n\n\n<p><strong>PRODUCER &amp; DIRECTOR:<\/strong><\/p>\n\n\n\n<p class=\"has-text-align-justify has-black-color has-text-color\" style=\"font-size:14px\"><span style=\"color:#1c1d1e\" class=\"tadv-color\">Peter Doll\u00e9 is an American TV journalist and producer living in Berlin.  He has worked as correspondent for <em>European Journal<\/em> on PBS-TV, CNBC, Public Radio International, the USA Network and Deutsche Welle TV.  In the early-1990s, he served as Chairmen of the Berlin Foreign Press Association.  He has extensive video archives of historic Berlin events from 1985 to 2023.  <\/span><\/p>\n\n\n\n<p><\/p>\n\n\n\n<p>   <\/p>\n\n\n\n<p><strong>IMPRESSUM<\/strong><\/p>\n\n\n\n<p class=\"has-text-color\" style=\"color:#242526;font-size:14px\">Telefon: +4930 886 75605<\/p>\n\n\n\n<p class=\"has-text-color\" style=\"color:#242526;font-size:14px\">E-Mail: pd (at) growingtogetheragain.com<\/p>\n\n\n\n<p class=\"has-text-color\" style=\"color:#242526;font-size:14px\">Hermannstrasse 5, 14163 Berlin<br>Verantwortlich im Sinne des \u00a7 5 TMG sowie des \u00a7 55 Abs.2 RStV:<br>Peter Doll\u00e9, Hermannstrasse 5, 14163 Berlin<\/p>\n\n\n\n<p class=\"has-text-color\" style=\"color:#242526;font-size:14px\">\u00a9 2025 Peter Doll\u00e9<\/p>\n\n\n\n<p class=\"has-text-color\" style=\"color:#212222;font-size:14px\"><a href=\"https:\/\/www.peterdolle-tv.com\/\">peterdolle-tv.com<\/a><\/p>\n\n\n\n<p class=\"has-text-color\" style=\"color:#242526;font-size:14px\">(nur f\u00fcr berufliche Zwecke erreichbar wochentags von 10 bis 18 Uhr)<br>Steuer-Nr.: 25\/264\/60187<\/p>\n\n\n\n<p class=\"has-text-align-justify has-black-color has-text-color\" style=\"font-size:14px\"><span style=\"color:#1c1d1e\" class=\"tadv-color\">Alle in dieser Internetseite enthaltenen Angaben und Informationen wurden sorgf\u00e4ltig recherchiert und. Alle Angaben erfolgen aber dennoch ohne Gew\u00e4hr. Druckfehler und Irrt\u00fcmer vorbehalten. Ich \u00fcbernehme keine Gew\u00e4hrleistung und keinerlei Haftung im Zusammenhang mit jeglicher Nutzung der Informationen auf dieser Website. Ich bin auch nicht verantwortlich f\u00fcr die Inhalte von Seiten, die von diesem Auftritt aus verlinkt sind. Ich behalte mir ausdr\u00fccklich das Recht vor, jederzeit und ohne Vorank\u00fcndigungen \u00c4nderungen, Erg\u00e4nzungen oder L\u00f6schungen der bereitgestellten Informationen oder Links vorzunehmen. Die Nutzung und Weiterver\u00f6ffentlichung von Inhalten dieser Website ist nur mit meiner ausdr\u00fccklichen Genehmigung zul\u00e4ssig.   <\/span><\/p>\n\n\n\n<p class=\"has-text-align-justify has-black-color has-text-color\" style=\"font-size:14px\"><span style=\"color:#1c1d1e\" class=\"tadv-color\">Growing Together Again is a fiscally sponsored project of the International Documentary Association (IDA), a 501(c)(3) non-profit organization. Contributions in support of this documentary are payable to the IDA and are tax-deductible to the extent permitted by law<\/span>. <\/p>\n\n\n\n<p><a href=\"https:\/\/documentary.org\/project\/growing-together-again\">https:\/\/documentary.org\/project\/growing-together-again<\/a><\/p>\n\n\n\n<p><div class=\"jetpack-video-wrapper\"><iframe loading=\"lazy\" title=\"Growing Together Again - Trailer 2017-2019\" src=\"https:\/\/player.vimeo.com\/video\/359612178?dnt=1&amp;app_id=122963\" width=\"1140\" height=\"641\" frameborder=\"0\" allow=\"autoplay; fullscreen; picture-in-picture\"><\/iframe><\/div><\/p>\n<p>\u00a0<\/p>\n\n\n\n<p class=\"has-text-align-justify has-black-color has-text-color\" style=\"font-size:14px\"><span style=\"color:#1c1d1e\" class=\"tadv-color\">.<\/span><\/p>\n","protected":false},"excerpt":{"rendered":"<p>PRODUCER &amp; DIRECTOR: Peter Doll\u00e9 is an American TV journalist and producer living in Berlin. He has worked as correspondent for European Journal on PBS-TV, CNBC, Public Radio International, the USA Network and Deutsche Welle TV. In the early-1990s, he served as Chairmen of the Berlin Foreign Press Association. He has extensive video archives of<\/p>\n<div><a class=\"btn-filled btn\" href=\"https:\/\/growingtogetheragain.com\/?page_id=434\" title=\"Contact\/Impressum\">Read More<\/a><\/div>\n","protected":false},"author":1,"featured_media":0,"parent":0,"menu_order":0,"comment_status":"closed","ping_status":"closed","template":"page-templates\/no-sidebar.php","meta":{"footnotes":""},"jetpack_sharing_enabled":true,"_links":{"self":[{"href":"https:\/\/growingtogetheragain.com\/index.php?rest_route=\/wp\/v2\/pages\/434"}],"collection":[{"href":"https:\/\/growingtogetheragain.com\/index.php?rest_route=\/wp\/v2\/pages"}],"about":[{"href":"https:\/\/growingtogetheragain.com\/index.php?rest_route=\/wp\/v2\/types\/page"}],"author":[{"embeddable":true,"href":"https:\/\/growingtogetheragain.com\/index.php?rest_route=\/wp\/v2\/users\/1"}],"replies":[{"embeddable":true,"href":"https:\/\/growingtogetheragain.com\/index.php?rest_route=%2Fwp%2Fv2%2Fcomments&post=434"}],"version-history":[{"count":30,"href":"https:\/\/growingtogetheragain.com\/index.php?rest_route=\/wp\/v2\/pages\/434\/revisions"}],"predecessor-version":[{"id":591,"href":"https:\/\/growingtogetheragain.com\/index.php?rest_route=\/wp\/v2\/pages\/434\/revisions\/591"}],"wp:attachment":[{"href":"https:\/\/growingtogetheragain.com\/index.php?rest_route=%2Fwp%2Fv2%2Fmedia&parent=434"}],"curies":[{"name":"wp","href":"https:\/\/api.w.org\/{rel}","templated":true}]}}